{"id":8921,"date":"2023-07-06T18:10:55","date_gmt":"2023-07-06T18:10:55","guid":{"rendered":"http:\/\/suluz.srtv.cl\/?post_type=product&#038;p=8921"},"modified":"2023-08-11T19:09:06","modified_gmt":"2023-08-11T19:09:06","slug":"luminaria-viper-led","status":"publish","type":"product","link":"https:\/\/suluz.cl\/index.php\/producto\/luminaria-viper-led\/","title":{"rendered":"Luminaria LED VIPER"},"content":{"rendered":"<section class=\"l-section wpb_row height_custom\"><div class=\"l-section-h i-cf\"><div class=\"g-cols vc_row via_grid cols_1 laptops-cols_inherit tablets-cols_inherit mobiles-cols_1 valign_top type_default stacking_default\"><div class=\"wpb_column vc_column_container\"><div class=\"vc_column-inner\"><div class=\"wpb_text_column\"><div class=\"wpb_wrapper\"><p>Luminaria de aluminio inyectado a presi\u00f3n con bajo contenido de impurezas color gris est\u00e1ndar.<\/p>\n<p>\u00d3ptica con protecci\u00f3n de vidrio templado liso IK10 (Cuerpo y \u00f3ptica luminaria completa). \u00cdndice de hermeticidad e impacto IP66 en sistema \u00f3ptico y compartimiento el\u00e9ctrico.<\/p>\n<div class=\"elementor-element elementor-element-7adc9067 elementor-widget elementor-widget-woocommerce-product-short-description\" data-id=\"7adc9067\" data-element_type=\"widget\" data-widget_type=\"woocommerce-product-short-description.default\">\n<div class=\"elementor-widget-container\">\n<div class=\"woocommerce-product-details__short-description\">\n<p>Disponible con certificaci\u00f3n DS43 para la II, III y IV Regi\u00f3n de Chile.<\/p>\n<\/div>\n<\/div>\n<\/div>\n<\/div><\/div><\/div><\/div><\/div><\/div><\/section>\n","protected":false},"excerpt":{"rendered":"Luminaria de aluminio inyectado a presi\u00f3n con bajo contenido de impurezas color gris est\u00e1ndar. \u00d3ptica con protecci\u00f3n de vidrio templado liso IK10 (Cuerpo y \u00f3ptica luminaria completa). \u00cdndice de hermeticidad e impacto IP66 en sistema \u00f3ptico y compartimiento el\u00e9ctrico. Disponible con certificaci\u00f3n DS43 para la II, III y IV Regi\u00f3n de Chile.","protected":false},"featured_media":8151,"template":"","meta":{"om_disable_all_campaigns":false,"_monsterinsights_skip_tracking":false,"_monsterinsights_sitenote_active":false,"_monsterinsights_sitenote_note":"","_monsterinsights_sitenote_category":0},"product_brand":[],"product_cat":[72],"product_tag":[],"class_list":{"0":"post-8921","1":"product","2":"type-product","3":"status-publish","4":"has-post-thumbnail","6":"product_cat-luminarias-viales-peatonales","8":"first","9":"instock","10":"shipping-taxable","11":"product-type-simple"},"acf":[],"_links":{"self":[{"href":"https:\/\/suluz.cl\/index.php\/wp-json\/wp\/v2\/product\/8921","targetHints":{"allow":["GET"]}}],"collection":[{"href":"https:\/\/suluz.cl\/index.php\/wp-json\/wp\/v2\/product"}],"about":[{"href":"https:\/\/suluz.cl\/index.php\/wp-json\/wp\/v2\/types\/product"}],"wp:featuredmedia":[{"embeddable":true,"href":"https:\/\/suluz.cl\/index.php\/wp-json\/wp\/v2\/media\/8151"}],"wp:attachment":[{"href":"https:\/\/suluz.cl\/index.php\/wp-json\/wp\/v2\/media?parent=8921"}],"wp:term":[{"taxonomy":"product_brand","embeddable":true,"href":"https:\/\/suluz.cl\/index.php\/wp-json\/wp\/v2\/product_brand?post=8921"},{"taxonomy":"product_cat","embeddable":true,"href":"https:\/\/suluz.cl\/index.php\/wp-json\/wp\/v2\/product_cat?post=8921"},{"taxonomy":"product_tag","embeddable":true,"href":"https:\/\/suluz.cl\/index.php\/wp-json\/wp\/v2\/product_tag?post=8921"}],"curies":[{"name":"wp","href":"https:\/\/api.w.org\/{rel}","templated":true}]}}