{"id":8209,"date":"2023-04-18T15:22:59","date_gmt":"2023-04-18T15:22:59","guid":{"rendered":"http:\/\/suluz.srtv.cl\/?page_id=8209"},"modified":"2023-07-06T20:14:41","modified_gmt":"2023-07-06T20:14:41","slug":"quienes-somos","status":"publish","type":"page","link":"https:\/\/suluz.cl\/index.php\/quienes-somos\/","title":{"rendered":"QUI\u00c9NES SOMOS"},"content":{"rendered":"<section class=\"l-section wpb_row us_custom_e75e05de height_custom\"><div class=\"l-section-h i-cf\"><div class=\"g-cols vc_row via_grid cols_1 laptops-cols_inherit tablets-cols_inherit mobiles-cols_1 valign_top type_default stacking_default\"><div class=\"wpb_column vc_column_container\"><div class=\"vc_column-inner\"><div class=\"w-separator us_custom_72714266 has_text_color size_small\"><\/div><\/div><\/div><\/div><\/div><\/section><section class=\"l-section wpb_row us_custom_887a049b height_custom\"><div class=\"l-section-h i-cf\"><div class=\"g-cols vc_row via_grid cols_custom laptops-cols_inherit tablets-cols_inherit mobiles-cols_1 valign_top type_default stacking_default\" style=\"--custom-columns:0.5fr 5fr 0.5fr \"><div class=\"wpb_column vc_column_container\"><div class=\"vc_column-inner\"><\/div><\/div><div class=\"wpb_column vc_column_container\"><div class=\"vc_column-inner\"><div class=\"wpb_text_column us_custom_b4089391\"><div class=\"wpb_wrapper\"><p>Somos una empresa con m\u00e1s de 20 a\u00f1os de experiencia en el Rubro del Alumbrado P\u00fablico conformada por un equipo de profesionales altamente calificados tanto a nivel t\u00e9cnico como a nivel comercial. Dando as\u00ed un excelente servicio desarrollando nuestras habilidades con ilusi\u00f3n y ganas renovadas pensando siempre en alcanzar y reflejar los ideales de excelencia.<\/p>\n<p style=\"text-align: justify;\">Hemos marcado una gran diferencia visible en el dise\u00f1o eficiencia y calidad de nuestros productos cuidando los m\u00e1s m\u00ednimos destalles de fabricaci\u00f3n y terminaci\u00f3n permiti\u00e9ndonos estar presentes en los Proyectos m\u00e1s Importantes de Chile. Somos una empresa que combina servicio y calidad de atenci\u00f3n para lograr el m\u00e1s alto grado de satisfacci\u00f3n a nuestros clientes. Estamos en continuo desarrollo e investigaci\u00f3n de las nuevas tecnolog\u00edas en iluminaci\u00f3n porque disfrutamos con nuestro trabajo y esto se nota en cada uno de nuestros proyectos.<\/p>\n<\/div><\/div><\/div><\/div><div class=\"wpb_column vc_column_container\"><div class=\"vc_column-inner\"><\/div><\/div><\/div><\/div><\/section><section class=\"l-section wpb_row us_custom_278d8c57 height_custom\"><div class=\"l-section-h i-cf\"><div class=\"g-cols vc_row via_grid cols_custom laptops-cols_inherit tablets-cols_inherit mobiles-cols_1 valign_top type_default stacking_default\" style=\"--custom-columns:0.5fr 5fr 0.5fr \"><div class=\"wpb_column vc_column_container us_custom_b6a72ce1\"><div class=\"vc_column-inner\"><\/div><\/div><div class=\"wpb_column vc_column_container\"><div class=\"vc_column-inner\"><div class=\"w-image us_custom_1807186e align_left\"><div class=\"w-image-h\"><img loading=\"lazy\" decoding=\"async\" width=\"150\" height=\"150\" src=\"https:\/\/suluz.cl\/wp-content\/uploads\/2023\/04\/icon2-150x150.png\" class=\"attachment-thumbnail size-thumbnail\" alt=\"\" srcset=\"https:\/\/suluz.cl\/wp-content\/uploads\/2023\/04\/icon2-150x150.png 150w, https:\/\/suluz.cl\/wp-content\/uploads\/2023\/04\/icon2-300x300.png 300w, https:\/\/suluz.cl\/wp-content\/uploads\/2023\/04\/icon2-100x100.png 100w, https:\/\/suluz.cl\/wp-content\/uploads\/2023\/04\/icon2-400x400.png 400w, https:\/\/suluz.cl\/wp-content\/uploads\/2023\/04\/icon2.png 512w\" sizes=\"auto, (max-width: 150px) 100vw, 150px\" \/><\/div><\/div><\/div><\/div><div class=\"wpb_column vc_column_container\"><div class=\"vc_column-inner\"><\/div><\/div><\/div><\/div><\/section><section class=\"l-section wpb_row us_custom_b6a72ce1 height_custom\"><div class=\"l-section-h i-cf\"><div class=\"g-cols vc_row via_grid cols_custom laptops-cols_inherit tablets-cols_inherit mobiles-cols_1 valign_top type_default stacking_default\" style=\"--custom-columns:0.5fr 5fr 0.5fr \"><div class=\"wpb_column vc_column_container\"><div class=\"vc_column-inner\"><\/div><\/div><div class=\"wpb_column vc_column_container\"><div class=\"vc_column-inner\"><h3 class=\"w-text us_custom_9774ea5b has_text_color\"><span class=\"w-text-h\"><span class=\"w-text-value\">MISI\u00d3N<\/span><\/span><\/h3><div class=\"wpb_text_column us_custom_afba50a1\"><div class=\"wpb_wrapper\"><p>Entregar productos de alto rendimientos contribuyendo al bienestar y desarrollo del pa\u00eds. Entregando los productos solicitados en el m\u00ednimo tiempo posible y sobrepasar las expectativas.<\/p>\n<\/div><\/div><\/div><\/div><div class=\"wpb_column vc_column_container\"><div class=\"vc_column-inner\"><\/div><\/div><\/div><\/div><\/section><section class=\"l-section wpb_row us_custom_0e9ebe8b height_custom\"><div class=\"l-section-h i-cf\"><div class=\"g-cols vc_row via_grid cols_custom laptops-cols_inherit tablets-cols_inherit mobiles-cols_1 valign_top type_default stacking_default\" style=\"--custom-columns:0.5fr 5fr 0.5fr \"><div class=\"wpb_column vc_column_container\"><div class=\"vc_column-inner\"><\/div><\/div><div class=\"wpb_column vc_column_container\"><div class=\"vc_column-inner\"><div class=\"w-separator us_custom_9774ea5b has_text_color size_small\"><\/div><h3 class=\"w-text us_custom_9774ea5b has_text_color\"><span class=\"w-text-h\"><span class=\"w-text-value\">VISI\u00d3N<\/span><\/span><\/h3><div class=\"wpb_text_column us_custom_afba50a1\"><div class=\"wpb_wrapper\"><p>Consolidar nuestros productos en el mercado de la iluminaci\u00f3n LED y redefinir sus capacidades comerciales con una mentalidad centrada en el cliente. Entregar el mejor servicio y producto en cada uno de nuestros proyectos junto al estudio de nuestros ingenieros.<\/p>\n<\/div><\/div><\/div><\/div><div class=\"wpb_column vc_column_container\"><div class=\"vc_column-inner\"><\/div><\/div><\/div><\/div><\/section><section class=\"l-section wpb_row height_custom\"><div class=\"l-section-h i-cf\"><div class=\"g-cols vc_row via_grid cols_4 laptops-cols_inherit tablets-cols_inherit mobiles-cols_1 valign_top type_default stacking_default\"><div class=\"wpb_column vc_column_container us_custom_46ac233c\"><div class=\"vc_column-inner\"><div class=\"w-image us_custom_57f5615c align_none\"><a href=\"https:\/\/suluz.cl\/wp-content\/uploads\/2023\/04\/galeria4.jpg\" ref=\"magnificPopup\" aria-label=\"Enlace\" class=\"w-image-h\"><img loading=\"lazy\" decoding=\"async\" width=\"700\" height=\"700\" src=\"https:\/\/suluz.cl\/wp-content\/uploads\/2023\/04\/galeria4.jpg\" class=\"attachment-full size-full\" alt=\"\" srcset=\"https:\/\/suluz.cl\/wp-content\/uploads\/2023\/04\/galeria4.jpg 700w, https:\/\/suluz.cl\/wp-content\/uploads\/2023\/04\/galeria4-300x300.jpg 300w, https:\/\/suluz.cl\/wp-content\/uploads\/2023\/04\/galeria4-150x150.jpg 150w, https:\/\/suluz.cl\/wp-content\/uploads\/2023\/04\/galeria4-600x600.jpg 600w, https:\/\/suluz.cl\/wp-content\/uploads\/2023\/04\/galeria4-100x100.jpg 100w, https:\/\/suluz.cl\/wp-content\/uploads\/2023\/04\/galeria4-400x400.jpg 400w\" sizes=\"auto, (max-width: 700px) 100vw, 700px\" \/><\/a><\/div><\/div><\/div><div class=\"wpb_column vc_column_container us_custom_46ac233c\"><div class=\"vc_column-inner\"><div class=\"w-image align_none\"><a href=\"https:\/\/suluz.cl\/wp-content\/uploads\/2023\/04\/galeria3.jpg\" ref=\"magnificPopup\" aria-label=\"Enlace\" class=\"w-image-h\"><img loading=\"lazy\" decoding=\"async\" width=\"700\" height=\"700\" src=\"https:\/\/suluz.cl\/wp-content\/uploads\/2023\/04\/galeria3.jpg\" class=\"attachment-full size-full\" alt=\"\" srcset=\"https:\/\/suluz.cl\/wp-content\/uploads\/2023\/04\/galeria3.jpg 700w, https:\/\/suluz.cl\/wp-content\/uploads\/2023\/04\/galeria3-300x300.jpg 300w, https:\/\/suluz.cl\/wp-content\/uploads\/2023\/04\/galeria3-150x150.jpg 150w, https:\/\/suluz.cl\/wp-content\/uploads\/2023\/04\/galeria3-600x600.jpg 600w\" sizes=\"auto, (max-width: 700px) 100vw, 700px\" \/><\/a><\/div><\/div><\/div><div class=\"wpb_column vc_column_container us_custom_46ac233c\"><div class=\"vc_column-inner\"><div class=\"w-image align_none\"><a href=\"https:\/\/suluz.cl\/wp-content\/uploads\/2023\/04\/galeria2.jpg\" ref=\"magnificPopup\" aria-label=\"Enlace\" class=\"w-image-h\"><img loading=\"lazy\" decoding=\"async\" width=\"700\" height=\"700\" src=\"https:\/\/suluz.cl\/wp-content\/uploads\/2023\/04\/galeria2.jpg\" class=\"attachment-full size-full\" alt=\"\" srcset=\"https:\/\/suluz.cl\/wp-content\/uploads\/2023\/04\/galeria2.jpg 700w, https:\/\/suluz.cl\/wp-content\/uploads\/2023\/04\/galeria2-300x300.jpg 300w, https:\/\/suluz.cl\/wp-content\/uploads\/2023\/04\/galeria2-150x150.jpg 150w, https:\/\/suluz.cl\/wp-content\/uploads\/2023\/04\/galeria2-600x600.jpg 600w\" sizes=\"auto, (max-width: 700px) 100vw, 700px\" \/><\/a><\/div><\/div><\/div><div class=\"wpb_column vc_column_container us_custom_46ac233c\"><div class=\"vc_column-inner\"><div class=\"w-image align_none\"><a href=\"https:\/\/suluz.cl\/wp-content\/uploads\/2023\/04\/galeria1.jpg\" ref=\"magnificPopup\" aria-label=\"Enlace\" class=\"w-image-h\"><img loading=\"lazy\" decoding=\"async\" width=\"700\" height=\"700\" src=\"https:\/\/suluz.cl\/wp-content\/uploads\/2023\/04\/galeria1.jpg\" class=\"attachment-full size-full\" alt=\"\" srcset=\"https:\/\/suluz.cl\/wp-content\/uploads\/2023\/04\/galeria1.jpg 700w, https:\/\/suluz.cl\/wp-content\/uploads\/2023\/04\/galeria1-300x300.jpg 300w, https:\/\/suluz.cl\/wp-content\/uploads\/2023\/04\/galeria1-150x150.jpg 150w, https:\/\/suluz.cl\/wp-content\/uploads\/2023\/04\/galeria1-600x600.jpg 600w\" sizes=\"auto, (max-width: 700px) 100vw, 700px\" \/><\/a><\/div><\/div><\/div><\/div><\/div><\/section>\n","protected":false},"excerpt":{"rendered":"Somos una empresa con m\u00e1s de 20 a\u00f1os de experiencia en el Rubro del Alumbrado P\u00fablico conformada por un equipo de profesionales altamente calificados tanto a nivel t\u00e9cnico como a nivel comercial. Dando as\u00ed un excelente servicio desarrollando nuestras habilidades con ilusi\u00f3n y ganas renovadas pensando siempre en alcanzar y reflejar los ideales de excelencia....","protected":false},"author":2,"featured_media":0,"parent":0,"menu_order":0,"comment_status":"closed","ping_status":"closed","template":"","meta":{"om_disable_all_campaigns":false,"_monsterinsights_skip_tracking":false,"_monsterinsights_sitenote_active":false,"_monsterinsights_sitenote_note":"","_monsterinsights_sitenote_category":0,"footnotes":""},"class_list":["post-8209","page","type-page","status-publish","hentry"],"acf":[],"_links":{"self":[{"href":"https:\/\/suluz.cl\/index.php\/wp-json\/wp\/v2\/pages\/8209","targetHints":{"allow":["GET"]}}],"collection":[{"href":"https:\/\/suluz.cl\/index.php\/wp-json\/wp\/v2\/pages"}],"about":[{"href":"https:\/\/suluz.cl\/index.php\/wp-json\/wp\/v2\/types\/page"}],"author":[{"embeddable":true,"href":"https:\/\/suluz.cl\/index.php\/wp-json\/wp\/v2\/users\/2"}],"replies":[{"embeddable":true,"href":"https:\/\/suluz.cl\/index.php\/wp-json\/wp\/v2\/comments?post=8209"}],"version-history":[{"count":37,"href":"https:\/\/suluz.cl\/index.php\/wp-json\/wp\/v2\/pages\/8209\/revisions"}],"predecessor-version":[{"id":9005,"href":"https:\/\/suluz.cl\/index.php\/wp-json\/wp\/v2\/pages\/8209\/revisions\/9005"}],"wp:attachment":[{"href":"https:\/\/suluz.cl\/index.php\/wp-json\/wp\/v2\/media?parent=8209"}],"curies":[{"name":"wp","href":"https:\/\/api.w.org\/{rel}","templated":true}]}}